{"id":3823,"date":"2023-05-19T09:26:39","date_gmt":"2023-05-19T09:26:39","guid":{"rendered":"https:\/\/bonbonlounge.ee\/reeglid\/"},"modified":"2025-10-14T14:26:49","modified_gmt":"2025-10-14T14:26:49","slug":"reeglid","status":"publish","type":"page","link":"https:\/\/bonbonlounge.ee\/fi\/reeglid\/","title":{"rendered":"Reeglid"},"content":{"rendered":"\t\t<div data-elementor-type=\"wp-page\" data-elementor-id=\"3823\" class=\"elementor elementor-3823\">\n\t\t\t\t\t\t<section class=\"elementor-section elementor-top-section elementor-element elementor-element-eb4b21a elementor-section-boxed elementor-section-height-default elementor-section-height-default\" data-id=\"eb4b21a\" data-element_type=\"section\" data-e-type=\"section\">\n\t\t\t\t\t\t<div class=\"elementor-container elementor-column-gap-default\">\n\t\t\t\t\t<div class=\"elementor-column elementor-col-100 elementor-top-column elementor-element elementor-element-d701515\" data-id=\"d701515\" data-element_type=\"column\" data-e-type=\"column\">\n\t\t\t<div class=\"elementor-widget-wrap elementor-element-populated\">\n\t\t\t\t\t\t<div class=\"elementor-element elementor-element-f34ae12 elementor-widget elementor-widget-heading\" data-id=\"f34ae12\" data-element_type=\"widget\" data-e-type=\"widget\" data-widget_type=\"heading.default\">\n\t\t\t\t<div class=\"elementor-widget-container\">\n\t\t\t\t\t<h2 class=\"elementor-heading-title elementor-size-default\">SAUNAKLUBI REEGLID<\/h2>\t\t\t\t<\/div>\n\t\t\t\t<\/div>\n\t\t\t\t<div class=\"elementor-element elementor-element-1cbfd71 elementor-widget elementor-widget-text-editor\" data-id=\"1cbfd71\" data-element_type=\"widget\" data-e-type=\"widget\" data-widget_type=\"text-editor.default\">\n\t\t\t\t<div class=\"elementor-widget-container\">\n\t\t\t\t\t\t\t\t\t<p data-start=\"254\" data-end=\"371\">Palun tutvuge allj\u00e4rgnevate eeskirjadega, et Teie saunas ja klubis veedetud aeg oleks meeldiv, turvaline ja nauditav.<\/p><h3 data-start=\"373\" data-end=\"392\"><strong data-start=\"377\" data-end=\"392\">\u00dcldine kord<\/strong><\/h3><ol data-start=\"393\" data-end=\"1173\"><li data-start=\"393\" data-end=\"507\"><p data-start=\"396\" data-end=\"507\">Saunaklubi on avatud 7 p\u00e4eva n\u00e4dalas kell <strong data-start=\"438\" data-end=\"453\">12.00\u201307.00<\/strong>.<br data-start=\"454\" data-end=\"457\" \/>Klubi juhtkonnal on \u00f5igus muuta lahtiolekuaegu.<\/p><\/li><li data-start=\"509\" data-end=\"934\"><p data-start=\"512\" data-end=\"934\">Klubisse p\u00e4\u00e4sevad k\u00f5ik v\u00e4hemalt <strong data-start=\"544\" data-end=\"566\">18-aastased isikud<\/strong>, kes on omandanud vastava p\u00e4\u00e4sme v\u00f5i s\u00f5lminud klubi k\u00fclastamiseks kokkuleppe.<br data-start=\"644\" data-end=\"647\" \/>Klubi t\u00f6\u00f6tajatel on \u00f5igus kontrollida p\u00e4\u00e4sme olemasolu ja k\u00fclastaja vanust, mille t\u00f5endamiseks tuleb esitada isikut t\u00f5endav dokument (ID-kaart, pass v\u00f5i juhiluba).<br data-start=\"813\" data-end=\"816\" \/>P\u00e4\u00e4set ei tohi edasi anda teistele isikutele, kopeerida ega muuta. Klubi p\u00e4\u00e4se kaotab kehtivuse klubist v\u00e4ljumisel.<\/p><\/li><li data-start=\"936\" data-end=\"1096\"><p data-start=\"939\" data-end=\"1096\">Klubis on kasutusel videovalves\u00fcsteem.<br data-start=\"977\" data-end=\"980\" \/>Klubisse sisenemisel v\u00f5ib toimuda isiklike asjade l\u00e4bivaatus. Kontrollist keeldunud isikuid klubisse ei lubata.<\/p><\/li><li data-start=\"1098\" data-end=\"1173\"><p data-start=\"1101\" data-end=\"1173\">Klubi j\u00e4tab endale \u00f5iguse otsustada, keda lubada klubisse ja keda mitte.<\/p><\/li><\/ol><hr data-start=\"1175\" data-end=\"1178\" \/><h3 data-start=\"1180\" data-end=\"1212\"><strong data-start=\"1184\" data-end=\"1212\">K\u00fclastajatel on keelatud<\/strong><\/h3><ol data-start=\"1213\" data-end=\"1801\"><li data-start=\"1213\" data-end=\"1442\"><p data-start=\"1216\" data-end=\"1442\">Siseneda klubisse relvade v\u00f5i ohtlike esemetega, sealhulgas laskemoona, l\u00f5hkematerjali, kergestis\u00fcttivate, m\u00fcrgiste v\u00f5i radioaktiivsete ainete ning muude elule ja tervisele ohtlike vahenditega.<br data-start=\"1409\" data-end=\"1412\" \/>Klubi relvi hoiule ei v\u00f5ta.<\/p><\/li><li data-start=\"1444\" data-end=\"1627\"><p data-start=\"1447\" data-end=\"1627\">Tuua klubisse alkoholi, narkootilisi v\u00f5i ps\u00fchhotroopseid aineid v\u00f5i muid uimastava toimega vahendeid.<br data-start=\"1548\" data-end=\"1551\" \/>Samuti on keelatud nende omamine, tarvitamine v\u00f5i m\u00fc\u00fcmine klubi ruumides.<\/p><\/li><li data-start=\"1629\" data-end=\"1654\"><p data-start=\"1632\" data-end=\"1654\">Tuua klubisse loomi.<\/p><\/li><li data-start=\"1656\" data-end=\"1698\"><p data-start=\"1659\" data-end=\"1698\">Siseneda klubi ruumidesse \u00fcleriietes.<\/p><\/li><li data-start=\"1700\" data-end=\"1747\"><p data-start=\"1703\" data-end=\"1747\">Pildistada v\u00f5i filmida ilma vastava loata.<\/p><\/li><li data-start=\"1749\" data-end=\"1801\"><p data-start=\"1752\" data-end=\"1801\">Suitsetada v\u00e4ljaspool selleks etten\u00e4htud ruume.<\/p><\/li><\/ol><hr data-start=\"1803\" data-end=\"1806\" \/><h3 data-start=\"1808\" data-end=\"1826\"><strong data-start=\"1812\" data-end=\"1826\">\u00dcldreeglid<\/strong><\/h3><ol data-start=\"1827\" data-end=\"2997\"><li data-start=\"1827\" data-end=\"1970\"><p data-start=\"1830\" data-end=\"1970\">Klubi t\u00f6\u00f6tajatel on \u00f5igus keelduda teenindamast isikuid, kes on alla kehtestatud vanusepiiri, liigses joobes v\u00f5i narkootilise aine m\u00f5ju all.<\/p><\/li><li data-start=\"1972\" data-end=\"2077\"><p data-start=\"1975\" data-end=\"2077\">K\u00fclastaja, kes l\u00f5hub v\u00f5i rikub klubi inventari, on kohustatud tekitatud kahju h\u00fcvitama t\u00e4ies ulatuses.<\/p><\/li><li data-start=\"2079\" data-end=\"2221\"><p data-start=\"2082\" data-end=\"2221\">Sisekorrareeglite rikkumise korral v\u00f5ivad klubi t\u00f6\u00f6tajad anda korralduse klubist lahkumiseks. Selline korraldus on k\u00fclastajale kohustuslik.<\/p><\/li><li data-start=\"2223\" data-end=\"2550\"><p data-start=\"2226\" data-end=\"2550\">K\u00fclastajatel on \u00f5igus esitada pretensioone vastutavale klubi t\u00f6\u00f6tajale, kelle otsus on l\u00f5plik ja t\u00e4itmiseks kohustuslik.<br data-start=\"2346\" data-end=\"2349\" \/>Klubi t\u00f6\u00f6taja l\u00e4htub otsuse tegemisel k\u00e4esolevatest sisekorraeeskirjadest ja k\u00fclastajate turvalisuse tagamise p\u00f5him\u00f5ttest.<br data-start=\"2474\" data-end=\"2477\" \/>Klubil on \u00f5igus kehtestada k\u00fclastuskeeld isikule, kes rikub sisekorda.<\/p><\/li><li data-start=\"2552\" data-end=\"2614\"><p data-start=\"2555\" data-end=\"2614\">Klubi ei vastuta ruumides j\u00e4relvalveta j\u00e4etud esemete eest.<\/p><\/li><li data-start=\"2616\" data-end=\"2915\"><p data-start=\"2619\" data-end=\"2915\">Klubi ei vastuta riietehoidu antud \u00fcleriiete taskutes olevate esemete ega teiste garderoobi j\u00e4etud asjade eest.<br data-start=\"2730\" data-end=\"2733\" \/>Garderoobi numbri kaotamisel on etten\u00e4htud h\u00fcvitis 7 eurot.<br data-start=\"2795\" data-end=\"2798\" \/>Garderoobi j\u00e4etud v\u00f5i kaotatud esemetele saab j\u00e4rgi tulla t\u00f6\u00f6p\u00e4eviti kell 10:00\u201317:00 v\u00f5i klubi lahtiolekuaegadel.<\/p><\/li><li data-start=\"2917\" data-end=\"2997\"><p data-start=\"2920\" data-end=\"2997\">Klubi j\u00e4tab endale \u00f5iguse igal ajal k\u00e4esolevaid eeskirju t\u00e4iendada v\u00f5i muuta.<\/p><\/li><\/ol><hr data-start=\"2999\" data-end=\"3002\" \/><h3 data-start=\"3004\" data-end=\"3032\"><strong data-start=\"3008\" data-end=\"3032\">Broneeringu muutmine<\/strong><\/h3><p data-start=\"3033\" data-end=\"3162\">Broneeringut <strong data-start=\"3046\" data-end=\"3066\">t\u00fchistada ei saa<\/strong>, kuid seda on v\u00f5imalik <strong data-start=\"3090\" data-end=\"3161\">muuta ette teatamisel v\u00e4hemalt 3 t\u00f6\u00f6p\u00e4eva enne broneeritud kuup\u00e4eva<\/strong>.<\/p><hr data-start=\"3164\" data-end=\"3167\" \/><p data-start=\"3169\" data-end=\"3238\">Sisekorraeeskirjad on kinnitatud <strong data-start=\"3202\" data-end=\"3216\">01.10.2025<\/strong> klubi juhatuse poolt.<\/p>\t\t\t\t\t\t\t\t<\/div>\n\t\t\t\t<\/div>\n\t\t\t\t\t<\/div>\n\t\t<\/div>\n\t\t\t\t\t<\/div>\n\t\t<\/section>\n\t\t\t\t<\/div>\n\t\t","protected":false},"excerpt":{"rendered":"<p>SAUNAKLUBI REEGLID Palun tutvuge allj\u00e4rgnevate eeskirjadega, et Teie saunas ja klubis veedetud aeg oleks meeldiv, turvaline ja nauditav. \u00dcldine kord Saunaklubi on avatud 7 p\u00e4eva n\u00e4dalas kell 12.00\u201307.00.Klubi juhtkonnal on \u00f5igus muuta lahtiolekuaegu. Klubisse p\u00e4\u00e4sevad k\u00f5ik v\u00e4hemalt 18-aastased isikud, kes on omandanud vastava p\u00e4\u00e4sme v\u00f5i s\u00f5lminud klubi k\u00fclastamiseks kokkuleppe.Klubi t\u00f6\u00f6tajatel on \u00f5igus kontrollida p\u00e4\u00e4sme olemasolu [&hellip;]<\/p>\n","protected":false},"author":2,"featured_media":0,"parent":0,"menu_order":0,"comment_status":"closed","ping_status":"closed","template":"","meta":{"site-sidebar-layout":"default","site-content-layout":"default","ast-site-content-layout":"default","site-content-style":"default","site-sidebar-style":"default","ast-global-header-display":"","ast-banner-title-visibility":"","ast-main-header-display":"","ast-hfb-above-header-display":"","ast-hfb-below-header-display":"","ast-hfb-mobile-header-display":"","site-post-title":"disabled","ast-breadcrumbs-content":"","ast-featured-img":"","footer-sml-layout":"","theme-transparent-header-meta":"default","adv-header-id-meta":"","stick-header-meta":"","header-above-stick-meta":"","header-main-stick-meta":"","header-below-stick-meta":"","astra-migrate-meta-layouts":"default","ast-page-background-enabled":"default","ast-page-background-meta":{"desktop":{"background-color":"","background-image":"","background-repeat":"repeat","background-position":"center center","background-size":"auto","background-attachment":"scroll","background-type":"","background-media":"","overlay-type":"","overlay-color":"","overlay-opacity":"","overlay-gradient":""},"tablet":{"background-color":"","background-image":"","background-repeat":"repeat","background-position":"center center","background-size":"auto","background-attachment":"scroll","background-type":"","background-media":"","overlay-type":"","overlay-color":"","overlay-opacity":"","overlay-gradient":""},"mobile":{"background-color":"","background-image":"","background-repeat":"repeat","background-position":"center center","background-size":"auto","background-attachment":"scroll","background-type":"","background-media":"","overlay-type":"","overlay-color":"","overlay-opacity":"","overlay-gradient":""}},"ast-content-background-meta":{"desktop":{"background-color":"var(--ast-global-color-5)","background-image":"","background-repeat":"repeat","background-position":"center center","background-size":"auto","background-attachment":"scroll","background-type":"","background-media":"","overlay-type":"","overlay-color":"","overlay-opacity":"","overlay-gradient":""},"tablet":{"background-color":"var(--ast-global-color-5)","background-image":"","background-repeat":"repeat","background-position":"center center","background-size":"auto","background-attachment":"scroll","background-type":"","background-media":"","overlay-type":"","overlay-color":"","overlay-opacity":"","overlay-gradient":""},"mobile":{"background-color":"var(--ast-global-color-5)","background-image":"","background-repeat":"repeat","background-position":"center center","background-size":"auto","background-attachment":"scroll","background-type":"","background-media":"","overlay-type":"","overlay-color":"","overlay-opacity":"","overlay-gradient":""}},"footnotes":""},"class_list":["post-3823","page","type-page","status-publish","hentry"],"_links":{"self":[{"href":"https:\/\/bonbonlounge.ee\/fi\/wp-json\/wp\/v2\/pages\/3823","targetHints":{"allow":["GET"]}}],"collection":[{"href":"https:\/\/bonbonlounge.ee\/fi\/wp-json\/wp\/v2\/pages"}],"about":[{"href":"https:\/\/bonbonlounge.ee\/fi\/wp-json\/wp\/v2\/types\/page"}],"author":[{"embeddable":true,"href":"https:\/\/bonbonlounge.ee\/fi\/wp-json\/wp\/v2\/users\/2"}],"replies":[{"embeddable":true,"href":"https:\/\/bonbonlounge.ee\/fi\/wp-json\/wp\/v2\/comments?post=3823"}],"version-history":[{"count":0,"href":"https:\/\/bonbonlounge.ee\/fi\/wp-json\/wp\/v2\/pages\/3823\/revisions"}],"wp:attachment":[{"href":"https:\/\/bonbonlounge.ee\/fi\/wp-json\/wp\/v2\/media?parent=3823"}],"curies":[{"name":"wp","href":"https:\/\/api.w.org\/{rel}","templated":true}]}}